{"id":13,"date":"2021-03-02T23:28:25","date_gmt":"2021-03-02T22:28:25","guid":{"rendered":"https:\/\/pages.mini.pw.edu.pl\/~lucknerm\/?page_id=13"},"modified":"2021-03-09T17:12:22","modified_gmt":"2021-03-09T16:12:22","slug":"warsztaty-badawcze","status":"publish","type":"page","link":"https:\/\/pages.mini.pw.edu.pl\/~lucknerm\/index.php\/przedmioty\/warsztaty-badawcze\/","title":{"rendered":"Warsztaty Badawcze"},"content":{"rendered":"\n<p>Plan wyk\u0142ad\u00f3w<\/p>\n\n\n\n<ol><li>Wprowadzenie<\/li><li>Organizacja pracy<\/li><li>Praca zespo\u0142owa<\/li><li>Komunikacja<\/li><li>Aspekty biznesowe<\/li><\/ol>\n\n\n\n<p>Materia\u0142y do wyk\u0142adu znajduj\u0105 si\u0119 na angloj\u0119zycznej stronie przedmiotu.<\/p>\n","protected":false},"excerpt":{"rendered":"<p>Plan wyk\u0142ad\u00f3w Wprowadzenie Organizacja pracy Praca zespo\u0142owa Komunikacja Aspekty biznesowe Materia\u0142y do wyk\u0142adu znajduj\u0105 si\u0119 na angloj\u0119zycznej stronie przedmiotu.<\/p>\n","protected":false},"author":1,"featured_media":0,"parent":15,"menu_order":0,"comment_status":"closed","ping_status":"closed","template":"","meta":[],"_links":{"self":[{"href":"https:\/\/pages.mini.pw.edu.pl\/~lucknerm\/index.php\/wp-json\/wp\/v2\/pages\/13"}],"collection":[{"href":"https:\/\/pages.mini.pw.edu.pl\/~lucknerm\/index.php\/wp-json\/wp\/v2\/pages"}],"about":[{"href":"https:\/\/pages.mini.pw.edu.pl\/~lucknerm\/index.php\/wp-json\/wp\/v2\/types\/page"}],"author":[{"embeddable":true,"href":"https:\/\/pages.mini.pw.edu.pl\/~lucknerm\/index.php\/wp-json\/wp\/v2\/users\/1"}],"replies":[{"embeddable":true,"href":"https:\/\/pages.mini.pw.edu.pl\/~lucknerm\/index.php\/wp-json\/wp\/v2\/comments?post=13"}],"version-history":[{"count":4,"href":"https:\/\/pages.mini.pw.edu.pl\/~lucknerm\/index.php\/wp-json\/wp\/v2\/pages\/13\/revisions"}],"predecessor-version":[{"id":283,"href":"https:\/\/pages.mini.pw.edu.pl\/~lucknerm\/index.php\/wp-json\/wp\/v2\/pages\/13\/revisions\/283"}],"up":[{"embeddable":true,"href":"https:\/\/pages.mini.pw.edu.pl\/~lucknerm\/index.php\/wp-json\/wp\/v2\/pages\/15"}],"wp:attachment":[{"href":"https:\/\/pages.mini.pw.edu.pl\/~lucknerm\/index.php\/wp-json\/wp\/v2\/media?parent=13"}],"curies":[{"name":"wp","href":"https:\/\/api.w.org\/{rel}","templated":true}]}}