{"id":15,"date":"2021-03-02T23:29:37","date_gmt":"2021-03-02T22:29:37","guid":{"rendered":"https:\/\/pages.mini.pw.edu.pl\/~lucknerm\/?page_id=15"},"modified":"2022-10-04T23:22:04","modified_gmt":"2022-10-04T21:22:04","slug":"przedmioty","status":"publish","type":"page","link":"https:\/\/pages.mini.pw.edu.pl\/~lucknerm\/index.php\/przedmioty\/","title":{"rendered":"Przedmioty"},"content":{"rendered":"\n<p>Koordynowane przedmioty<\/p>\n\n\n\n<ol><li><a href=\"https:\/\/pages.mini.pw.edu.pl\/~lucknerm\/index.php\/przedmioty\/programowanie-obiektowe\/\" data-type=\"page\" data-id=\"11\">Programowanie Obiektowe<\/a><\/li><li><a href=\"https:\/\/pages.mini.pw.edu.pl\/~lucknerm\/index.php\/przedmioty\/zaawansowane-programowanie-obiektowe-i-funkcyjne\/\" data-type=\"page\" data-id=\"160\">Zaawansowane Programowanie Obiektowe i Funkcyjne<\/a><\/li><li><a href=\"https:\/\/pages.mini.pw.edu.pl\/~lucknerm\/index.php\/przedmioty\/warsztaty-badawcze\/\" data-type=\"page\" data-id=\"13\">Warsztaty Badawcze<\/a><\/li><li><a href=\"https:\/\/pages.mini.pw.edu.pl\/~lucknerm\/index.php\/przedmioty\/podstawy-przetwarzania-danych\/\" data-type=\"page\" data-id=\"178\">Podstawy Przetwarzania Danych<\/a><\/li><li><a href=\"https:\/\/pages.mini.pw.edu.pl\/~lucknerm\/index.php\/przedmioty\/projekt-interdyscyplinarny\/\" data-type=\"page\" data-id=\"333\">Projekt Interdyscyplinarny<\/a><\/li><li><a href=\"https:\/\/pages.mini.pw.edu.pl\/~lucknerm\/index.php\/przedmioty\/kreatywne-rozwiazywanie-problemow\/\" data-type=\"page\" data-id=\"421\">Kreatywne rozwi\u0105zywanie problem\u00f3w<\/a><\/li><\/ol>\n\n\n\n<p>Prowadzone przedmioty<\/p>\n\n\n\n<ol><li><a href=\"https:\/\/pages.mini.pw.edu.pl\/~lucknerm\/index.php\/teoria-algorytmow-i-obliczen\/\" data-type=\"page\" data-id=\"317\">Teoria Algorytm\u00f3w i Oblicze\u0144<\/a><\/li><\/ol>\n\n\n\n<p><\/p>\n","protected":false},"excerpt":{"rendered":"<p>Koordynowane przedmioty Programowanie Obiektowe Zaawansowane Programowanie Obiektowe i Funkcyjne Warsztaty Badawcze Podstawy Przetwarzania Danych Projekt Interdyscyplinarny Kreatywne rozwi\u0105zywanie problem\u00f3w Prowadzone przedmioty Teoria Algorytm\u00f3w i Oblicze\u0144<\/p>\n","protected":false},"author":1,"featured_media":0,"parent":0,"menu_order":0,"comment_status":"closed","ping_status":"closed","template":"","meta":[],"_links":{"self":[{"href":"https:\/\/pages.mini.pw.edu.pl\/~lucknerm\/index.php\/wp-json\/wp\/v2\/pages\/15"}],"collection":[{"href":"https:\/\/pages.mini.pw.edu.pl\/~lucknerm\/index.php\/wp-json\/wp\/v2\/pages"}],"about":[{"href":"https:\/\/pages.mini.pw.edu.pl\/~lucknerm\/index.php\/wp-json\/wp\/v2\/types\/page"}],"author":[{"embeddable":true,"href":"https:\/\/pages.mini.pw.edu.pl\/~lucknerm\/index.php\/wp-json\/wp\/v2\/users\/1"}],"replies":[{"embeddable":true,"href":"https:\/\/pages.mini.pw.edu.pl\/~lucknerm\/index.php\/wp-json\/wp\/v2\/comments?post=15"}],"version-history":[{"count":10,"href":"https:\/\/pages.mini.pw.edu.pl\/~lucknerm\/index.php\/wp-json\/wp\/v2\/pages\/15\/revisions"}],"predecessor-version":[{"id":433,"href":"https:\/\/pages.mini.pw.edu.pl\/~lucknerm\/index.php\/wp-json\/wp\/v2\/pages\/15\/revisions\/433"}],"wp:attachment":[{"href":"https:\/\/pages.mini.pw.edu.pl\/~lucknerm\/index.php\/wp-json\/wp\/v2\/media?parent=15"}],"curies":[{"name":"wp","href":"https:\/\/api.w.org\/{rel}","templated":true}]}}