{"id":421,"date":"2022-09-28T12:02:57","date_gmt":"2022-09-28T10:02:57","guid":{"rendered":"https:\/\/pages.mini.pw.edu.pl\/~lucknerm\/?page_id=421"},"modified":"2022-09-28T12:04:04","modified_gmt":"2022-09-28T10:04:04","slug":"kreatywne-rozwiazywanie-problemow","status":"publish","type":"page","link":"https:\/\/pages.mini.pw.edu.pl\/~lucknerm\/index.php\/przedmioty\/kreatywne-rozwiazywanie-problemow\/","title":{"rendered":"Kreatywne Rozwi\u0105zywanie Problem\u00f3w"},"content":{"rendered":"\n<p>Materia\u0142y do przedmiotu b\u0119d\u0105 pojawia\u0142y si\u0119 sukcesywnie podczas trwania semestru.<\/p>\n","protected":false},"excerpt":{"rendered":"<p>Materia\u0142y do przedmiotu b\u0119d\u0105 pojawia\u0142y si\u0119 sukcesywnie podczas trwania semestru.<\/p>\n","protected":false},"author":1,"featured_media":0,"parent":15,"menu_order":0,"comment_status":"closed","ping_status":"closed","template":"","meta":[],"_links":{"self":[{"href":"https:\/\/pages.mini.pw.edu.pl\/~lucknerm\/index.php\/wp-json\/wp\/v2\/pages\/421"}],"collection":[{"href":"https:\/\/pages.mini.pw.edu.pl\/~lucknerm\/index.php\/wp-json\/wp\/v2\/pages"}],"about":[{"href":"https:\/\/pages.mini.pw.edu.pl\/~lucknerm\/index.php\/wp-json\/wp\/v2\/types\/page"}],"author":[{"embeddable":true,"href":"https:\/\/pages.mini.pw.edu.pl\/~lucknerm\/index.php\/wp-json\/wp\/v2\/users\/1"}],"replies":[{"embeddable":true,"href":"https:\/\/pages.mini.pw.edu.pl\/~lucknerm\/index.php\/wp-json\/wp\/v2\/comments?post=421"}],"version-history":[{"count":3,"href":"https:\/\/pages.mini.pw.edu.pl\/~lucknerm\/index.php\/wp-json\/wp\/v2\/pages\/421\/revisions"}],"predecessor-version":[{"id":425,"href":"https:\/\/pages.mini.pw.edu.pl\/~lucknerm\/index.php\/wp-json\/wp\/v2\/pages\/421\/revisions\/425"}],"up":[{"embeddable":true,"href":"https:\/\/pages.mini.pw.edu.pl\/~lucknerm\/index.php\/wp-json\/wp\/v2\/pages\/15"}],"wp:attachment":[{"href":"https:\/\/pages.mini.pw.edu.pl\/~lucknerm\/index.php\/wp-json\/wp\/v2\/media?parent=421"}],"curies":[{"name":"wp","href":"https:\/\/api.w.org\/{rel}","templated":true}]}}